{"id":177,"date":"2017-04-28T06:49:07","date_gmt":"2017-04-28T06:49:07","guid":{"rendered":"http:\/\/mtp-bhkw-service.com\/?page_id=177"},"modified":"2018-02-15T07:04:36","modified_gmt":"2018-02-15T07:04:36","slug":"workshop-oelmanagement","status":"publish","type":"page","link":"https:\/\/mtp-bhkw-service.com\/?page_id=177","title":{"rendered":"Workshop \u00d6lmanagement"},"content":{"rendered":"<p>Sch\u00fctzen Sie Ihren Motor vor unn\u00f6tigen Sch\u00e4den, mit dem richtigem \u00d6lmanagement haben Sie mehr Freude an Ihrem BHKW<\/p>\n\n\t\t<style type=\"text\/css\">\n\t\t\t#gallery-1 {\n\t\t\t\tmargin: auto;\n\t\t\t}\n\t\t\t#gallery-1 .gallery-item {\n\t\t\t\tfloat: left;\n\t\t\t\tmargin-top: 10px;\n\t\t\t\ttext-align: center;\n\t\t\t\twidth: 33%;\n\t\t\t}\n\t\t\t#gallery-1 img {\n\t\t\t\tborder: 2px solid #cfcfcf;\n\t\t\t}\n\t\t\t#gallery-1 .gallery-caption {\n\t\t\t\tmargin-left: 0;\n\t\t\t}\n\t\t\t\/* see gallery_shortcode() in wp-includes\/media.php *\/\n\t\t<\/style>\n\t\t<div id='gallery-1' class='gallery galleryid-177 gallery-columns-3 gallery-size-thumbnail'><dl class='gallery-item'>\n\t\t\t<dt class='gallery-icon portrait'>\n\t\t\t\t<a href='https:\/\/mtp-bhkw-service.com\/?attachment_id=182#main'><img loading=\"lazy\" decoding=\"async\" width=\"150\" height=\"150\" src=\"https:\/\/mtp-bhkw-service.com\/wp-content\/uploads\/2017\/04\/IMG_1367-150x150.jpg\" class=\"attachment-thumbnail size-thumbnail\" alt=\"\" \/><\/a>\n\t\t\t<\/dt><\/dl><dl class='gallery-item'>\n\t\t\t<dt class='gallery-icon landscape'>\n\t\t\t\t<a href='https:\/\/mtp-bhkw-service.com\/?attachment_id=183#main'><img loading=\"lazy\" decoding=\"async\" width=\"150\" height=\"150\" src=\"https:\/\/mtp-bhkw-service.com\/wp-content\/uploads\/2017\/04\/IMG_1377-150x150.jpg\" class=\"attachment-thumbnail size-thumbnail\" alt=\"\" \/><\/a>\n\t\t\t<\/dt><\/dl><dl class='gallery-item'>\n\t\t\t<dt class='gallery-icon landscape'>\n\t\t\t\t<a href='https:\/\/mtp-bhkw-service.com\/?attachment_id=184#main'><img loading=\"lazy\" decoding=\"async\" width=\"150\" height=\"150\" src=\"https:\/\/mtp-bhkw-service.com\/wp-content\/uploads\/2017\/04\/IMG_1378-150x150.jpg\" class=\"attachment-thumbnail size-thumbnail\" alt=\"\" \/><\/a>\n\t\t\t<\/dt><\/dl><br style=\"clear: both\" \/><dl class='gallery-item'>\n\t\t\t<dt class='gallery-icon landscape'>\n\t\t\t\t<a href='https:\/\/mtp-bhkw-service.com\/?attachment_id=185#main'><img loading=\"lazy\" decoding=\"async\" width=\"150\" height=\"150\" src=\"https:\/\/mtp-bhkw-service.com\/wp-content\/uploads\/2017\/04\/IMG_1379-150x150.jpg\" class=\"attachment-thumbnail size-thumbnail\" alt=\"\" \/><\/a>\n\t\t\t<\/dt><\/dl><dl class='gallery-item'>\n\t\t\t<dt class='gallery-icon landscape'>\n\t\t\t\t<a href='https:\/\/mtp-bhkw-service.com\/?attachment_id=186#main'><img loading=\"lazy\" decoding=\"async\" width=\"150\" height=\"150\" src=\"https:\/\/mtp-bhkw-service.com\/wp-content\/uploads\/2017\/04\/IMG_1380-150x150.jpg\" class=\"attachment-thumbnail size-thumbnail\" alt=\"\" \/><\/a>\n\t\t\t<\/dt><\/dl><dl class='gallery-item'>\n\t\t\t<dt class='gallery-icon landscape'>\n\t\t\t\t<a href='https:\/\/mtp-bhkw-service.com\/?attachment_id=187#main'><img loading=\"lazy\" decoding=\"async\" width=\"150\" height=\"150\" src=\"https:\/\/mtp-bhkw-service.com\/wp-content\/uploads\/2017\/04\/IMG_1381-150x150.jpg\" class=\"attachment-thumbnail size-thumbnail\" alt=\"\" \/><\/a>\n\t\t\t<\/dt><\/dl><br style=\"clear: both\" \/><dl class='gallery-item'>\n\t\t\t<dt class='gallery-icon landscape'>\n\t\t\t\t<a href='https:\/\/mtp-bhkw-service.com\/?attachment_id=188#main'><img loading=\"lazy\" decoding=\"async\" width=\"150\" height=\"150\" src=\"https:\/\/mtp-bhkw-service.com\/wp-content\/uploads\/2017\/04\/IMG_1383-150x150.jpg\" class=\"attachment-thumbnail size-thumbnail\" alt=\"\" \/><\/a>\n\t\t\t<\/dt><\/dl><dl class='gallery-item'>\n\t\t\t<dt class='gallery-icon landscape'>\n\t\t\t\t<a href='https:\/\/mtp-bhkw-service.com\/?attachment_id=189#main'><img loading=\"lazy\" decoding=\"async\" width=\"150\" height=\"150\" src=\"https:\/\/mtp-bhkw-service.com\/wp-content\/uploads\/2017\/04\/IMG_1465-150x150.jpg\" class=\"attachment-thumbnail size-thumbnail\" alt=\"\" \/><\/a>\n\t\t\t<\/dt><\/dl><dl class='gallery-item'>\n\t\t\t<dt class='gallery-icon landscape'>\n\t\t\t\t<a href='https:\/\/mtp-bhkw-service.com\/?attachment_id=190#main'><img loading=\"lazy\" decoding=\"async\" width=\"150\" height=\"150\" src=\"https:\/\/mtp-bhkw-service.com\/wp-content\/uploads\/2017\/04\/IMG_1466-150x150.jpg\" class=\"attachment-thumbnail size-thumbnail\" alt=\"\" \/><\/a>\n\t\t\t<\/dt><\/dl><br style=\"clear: both\" \/><dl class='gallery-item'>\n\t\t\t<dt class='gallery-icon landscape'>\n\t\t\t\t<a href='https:\/\/mtp-bhkw-service.com\/?attachment_id=191#main'><img loading=\"lazy\" decoding=\"async\" width=\"150\" height=\"150\" src=\"https:\/\/mtp-bhkw-service.com\/wp-content\/uploads\/2017\/04\/IMG_1470-150x150.jpg\" class=\"attachment-thumbnail size-thumbnail\" alt=\"\" \/><\/a>\n\t\t\t<\/dt><\/dl>\n\t\t\t<br style='clear: both' \/>\n\t\t<\/div>\n\n<p>Was ist Tribologie?\u00a0Die Lehre von der Reibung<b>\u00a0(<\/b>Reibung, Verschlei\u00df und Schmierung)\u00a0Beratung f\u00fcr BHKW Anlagen\u00a0\u00d6lmanagement \/ Optimierung der Standzeiten<\/p>\n","protected":false},"excerpt":{"rendered":"<p>Sch\u00fctzen Sie Ihren Motor vor unn\u00f6tigen Sch\u00e4den, mit dem richtigem \u00d6lmanagement haben Sie mehr Freude an Ihrem BHKW Was ist Tribologie?\u00a0Die Lehre von der Reibung\u00a0(Reibung, Verschlei\u00df und Schmierung)\u00a0Beratung f\u00fcr BHKW Anlagen\u00a0\u00d6lmanagement \/ Optimierung der Standzeiten<\/p>\n","protected":false},"author":1,"featured_media":0,"parent":0,"menu_order":0,"comment_status":"closed","ping_status":"closed","template":"","meta":{"footnotes":""},"class_list":["post-177","page","type-page","status-publish","hentry"],"jetpack_sharing_enabled":true,"_links":{"self":[{"href":"https:\/\/mtp-bhkw-service.com\/index.php?rest_route=\/wp\/v2\/pages\/177","targetHints":{"allow":["GET"]}}],"collection":[{"href":"https:\/\/mtp-bhkw-service.com\/index.php?rest_route=\/wp\/v2\/pages"}],"about":[{"href":"https:\/\/mtp-bhkw-service.com\/index.php?rest_route=\/wp\/v2\/types\/page"}],"author":[{"embeddable":true,"href":"https:\/\/mtp-bhkw-service.com\/index.php?rest_route=\/wp\/v2\/users\/1"}],"replies":[{"embeddable":true,"href":"https:\/\/mtp-bhkw-service.com\/index.php?rest_route=%2Fwp%2Fv2%2Fcomments&post=177"}],"version-history":[{"count":10,"href":"https:\/\/mtp-bhkw-service.com\/index.php?rest_route=\/wp\/v2\/pages\/177\/revisions"}],"predecessor-version":[{"id":215,"href":"https:\/\/mtp-bhkw-service.com\/index.php?rest_route=\/wp\/v2\/pages\/177\/revisions\/215"}],"wp:attachment":[{"href":"https:\/\/mtp-bhkw-service.com\/index.php?rest_route=%2Fwp%2Fv2%2Fmedia&parent=177"}],"curies":[{"name":"wp","href":"https:\/\/api.w.org\/{rel}","templated":true}]}}