{"id":312,"date":"2019-11-28T15:39:26","date_gmt":"2019-11-28T15:39:26","guid":{"rendered":"http:\/\/mtp-bhkw-service.com\/?page_id=312"},"modified":"2025-08-15T06:08:16","modified_gmt":"2025-08-15T06:08:16","slug":"ersatzteilbestellungen","status":"publish","type":"page","link":"https:\/\/mtp-bhkw-service.com\/?page_id=312","title":{"rendered":"Ersatzteilbestellungen"},"content":{"rendered":"<p>Wir haben f\u00fcr Sie alles im Blick. Egal ob allgemeine Serviceanfragen oder St\u00f6rungsmeldungen &#8211;<br \/>\nwir stehen Ihnen schnell und kompetent zur Seite f\u00fcr:<\/p>\n<ul class=\"listeinnen\">\n<li style=\"list-style-type: none;\">\n<ul class=\"listeinnen\">\n<li>Ersatzteilbestellungen<\/li>\n<\/ul>\n<\/li>\n<\/ul>\n<p>F\u00fcr eine optimale Serviceabwicklung vor Ort verf\u00fcgen wir deutschlandweit \u00fcber kompetente Partner.<br \/>\nIn vielen F\u00e4llen ist es jedoch nicht erforderlich, einen Service vor Ort zu beauftragen. F\u00fcr eine schnelle, telefonische Beratung und Unterst\u00fctzung bei Serviceanfragen ist unser kompetentes Supportteam rund um die Uhr f\u00fcr sie erreichbar.<\/p>\n<p>Ansprechpartner f\u00fcr Ersatzteile \/ Lager:<br \/>\nHerr Petukat: Tel:\u00a0+49 3303 29 777 40 Fax: +49 3303 29 777 49<\/p>\n<p>Unser Lagerdienst erreichen Sie zu den Gesch\u00e4ftszeiten von<\/p>\n<p><strong>Montag &#8211; Freitag<\/strong>\u00a0von\u00a0<strong>09:00 \u2013 14:00 Uhr.<br \/>\nMail:\u00a0service@mtp-bhkw-service.de<\/strong><\/p>\n<p>&nbsp;<\/p>\n<p>&nbsp;<\/p>\n","protected":false},"excerpt":{"rendered":"<p>Wir haben f\u00fcr Sie alles im Blick. Egal ob allgemeine Serviceanfragen oder St\u00f6rungsmeldungen &#8211; wir stehen Ihnen schnell und kompetent zur Seite f\u00fcr: Ersatzteilbestellungen F\u00fcr eine optimale Serviceabwicklung vor Ort verf\u00fcgen wir deutschlandweit \u00fcber kompetente Partner. In vielen F\u00e4llen ist es jedoch nicht erforderlich, einen Service vor Ort zu beauftragen. F\u00fcr eine schnelle, telefonische Beratung&#8230; <\/p>\n","protected":false},"author":1,"featured_media":0,"parent":0,"menu_order":0,"comment_status":"closed","ping_status":"closed","template":"","meta":{"footnotes":""},"class_list":["post-312","page","type-page","status-publish","hentry"],"jetpack_sharing_enabled":true,"_links":{"self":[{"href":"https:\/\/mtp-bhkw-service.com\/index.php?rest_route=\/wp\/v2\/pages\/312","targetHints":{"allow":["GET"]}}],"collection":[{"href":"https:\/\/mtp-bhkw-service.com\/index.php?rest_route=\/wp\/v2\/pages"}],"about":[{"href":"https:\/\/mtp-bhkw-service.com\/index.php?rest_route=\/wp\/v2\/types\/page"}],"author":[{"embeddable":true,"href":"https:\/\/mtp-bhkw-service.com\/index.php?rest_route=\/wp\/v2\/users\/1"}],"replies":[{"embeddable":true,"href":"https:\/\/mtp-bhkw-service.com\/index.php?rest_route=%2Fwp%2Fv2%2Fcomments&post=312"}],"version-history":[{"count":18,"href":"https:\/\/mtp-bhkw-service.com\/index.php?rest_route=\/wp\/v2\/pages\/312\/revisions"}],"predecessor-version":[{"id":604,"href":"https:\/\/mtp-bhkw-service.com\/index.php?rest_route=\/wp\/v2\/pages\/312\/revisions\/604"}],"wp:attachment":[{"href":"https:\/\/mtp-bhkw-service.com\/index.php?rest_route=%2Fwp%2Fv2%2Fmedia&parent=312"}],"curies":[{"name":"wp","href":"https:\/\/api.w.org\/{rel}","templated":true}]}}