{"id":389,"date":"2020-08-19T10:27:59","date_gmt":"2020-08-19T10:27:59","guid":{"rendered":"http:\/\/mtp-bhkw-service.com\/?page_id=389"},"modified":"2020-08-20T05:41:25","modified_gmt":"2020-08-20T05:41:25","slug":"bhkw-sachverstaendiger-kontor-nordost","status":"publish","type":"page","link":"https:\/\/mtp-bhkw-service.com\/?page_id=389","title":{"rendered":"BHKW Sachverst\u00e4ndigen Kontor Nordost"},"content":{"rendered":"<header class=\"entry-header\">\n<h1 class=\"entry-title\">Portfolio<\/h1>\n<\/header>\n<div class=\"entry-content clearfix\">\n<p><strong>BHKW Sachverst\u00e4ndigen Kontor Nordost<\/strong><\/p>\n<p>Das BHKW Sachverst\u00e4ndigen Kontor Nordost mit Hauptsitz in Hohen Neuendorf\/Berlin verf\u00fcgt \u00fcber langj\u00e4hrig erfahrene Sachverst\u00e4ndige aus den Bereichen:<\/p>\n<ul>\n<li>Energieproduktion mit Hilfe von Blockheizkraftwerken (Biogas\/Erdgas),<\/li>\n<li>Wartung und Instandhaltung von BHKW,<\/li>\n<li>Biogasverfahrenstechnik,<\/li>\n<li>Biologie\/Chemie,<\/li>\n<li>Spezialanalytik<\/li>\n<\/ul>\n<p><strong>Unser Portfolio umfasst folgende Sachgebiete:<\/strong><\/p>\n<ul>\n<li>Schadensanalysen von Blockheizkraftwerken (Biogas\/Erdgas), Analyse des Verschlei\u00df und Havariebildes,<\/li>\n<li>Erstellung von Sachverst\u00e4ndigengutachten nach den allgemein anerkannten Regeln der Technik gem\u00e4\u00df KWK-Gesetz vom 21.12.2015 (\u00a7 10, Abs. 2 Nummer 4), dem Arbeitsblatt FW 308 \u201eZertifizierung von KWK-Anlagen \u2013Ermittlung des KWK-Stromes\u201c sowie der Richtlinie 2012\/27\/EU (Anh\u00e4nge I und II) f\u00fcr BHKW-Anlagen.<\/li>\n<li>\u00dcberpr\u00fcfung des Wartungszustandes und der Wartungshistorie,<\/li>\n<li>Befundung des Schadens vor Ort oder optional in eigener Befundungswerkstatt,<\/li>\n<li>Analyse und Bewerten von Daten aus der Motorsteuerung inkl. der Daten aus der Biogasanlage,<\/li>\n<li>Umfeldanalyse zur Schadensursache z. B. bei Biogasanlagen (Pr\u00fcfung Gasqualit\u00e4t, Aktivkohlefilter, Verfahrenstechnik, Wartung- und Pflege),<\/li>\n<li>Pr\u00fcfung und Auswertung relevanter Analysenergebnissen wie z. B. Schmier\u00f6le, K\u00fchlwasser, Biogaszusammensetzung, Ablagerungen, Artefakten etc.<\/li>\n<li>Kl\u00e4rung von gew\u00e4hrleistungsrelevanten Fragestellungen<\/li>\n<li>Kostenabsch\u00e4tzung \u00fcber notwendige Instandsetzungsma\u00dfnahmen des BHKW<\/li>\n<li>Bewertung von BHKW bei Investitionsvorhaben<\/li>\n<\/ul>\n<p>Hier Portfolio zum download:\u00a0<a href=\"http:\/\/bhkw-sachverstaendiger-nordost.de\/wp-content\/uploads\/2015\/08\/kontor_profil.pdf\">Portfolio.pdf<\/a><\/p>\n<p><strong>Wir erstellen gutachterliche Berichte f\u00fcr folgende Klientel:<\/strong><\/p>\n<ul>\n<li>Gerichtswesen,<\/li>\n<li>Technische Beratung von Rechtsanw\u00e4lten,\u00a0 Selbst\u00e4ndige Beweissicherungsverfahren etc.,<\/li>\n<li>Versicherungen,<\/li>\n<li>Investoren,<\/li>\n<li>Banken,<\/li>\n<li>Betreibern von Biogas- und KWK-Anlagen,<\/li>\n<li>Herstellern und Packagern von BHKW<\/li>\n<\/ul>\n<p><a href=\"http:\/\/bhkw-sachverstaendiger-nordost.de\/\">BHKW Sachverst\u00e4ndiger Kontor Nordost \/<\/a><\/p>\n<p>&nbsp;<\/p>\n<\/div>\n","protected":false},"excerpt":{"rendered":"<p>Portfolio BHKW Sachverst\u00e4ndigen Kontor Nordost Das BHKW Sachverst\u00e4ndigen Kontor Nordost mit Hauptsitz in Hohen Neuendorf\/Berlin verf\u00fcgt \u00fcber langj\u00e4hrig erfahrene Sachverst\u00e4ndige aus den Bereichen: Energieproduktion mit Hilfe von Blockheizkraftwerken (Biogas\/Erdgas), Wartung und Instandhaltung von BHKW, Biogasverfahrenstechnik, Biologie\/Chemie, Spezialanalytik Unser Portfolio umfasst folgende Sachgebiete: Schadensanalysen von Blockheizkraftwerken (Biogas\/Erdgas), Analyse des Verschlei\u00df und Havariebildes, Erstellung von Sachverst\u00e4ndigengutachten nach&#8230; <\/p>\n","protected":false},"author":1,"featured_media":0,"parent":0,"menu_order":0,"comment_status":"closed","ping_status":"closed","template":"","meta":{"footnotes":""},"class_list":["post-389","page","type-page","status-publish","hentry"],"jetpack_sharing_enabled":true,"_links":{"self":[{"href":"https:\/\/mtp-bhkw-service.com\/index.php?rest_route=\/wp\/v2\/pages\/389","targetHints":{"allow":["GET"]}}],"collection":[{"href":"https:\/\/mtp-bhkw-service.com\/index.php?rest_route=\/wp\/v2\/pages"}],"about":[{"href":"https:\/\/mtp-bhkw-service.com\/index.php?rest_route=\/wp\/v2\/types\/page"}],"author":[{"embeddable":true,"href":"https:\/\/mtp-bhkw-service.com\/index.php?rest_route=\/wp\/v2\/users\/1"}],"replies":[{"embeddable":true,"href":"https:\/\/mtp-bhkw-service.com\/index.php?rest_route=%2Fwp%2Fv2%2Fcomments&post=389"}],"version-history":[{"count":4,"href":"https:\/\/mtp-bhkw-service.com\/index.php?rest_route=\/wp\/v2\/pages\/389\/revisions"}],"predecessor-version":[{"id":427,"href":"https:\/\/mtp-bhkw-service.com\/index.php?rest_route=\/wp\/v2\/pages\/389\/revisions\/427"}],"wp:attachment":[{"href":"https:\/\/mtp-bhkw-service.com\/index.php?rest_route=%2Fwp%2Fv2%2Fmedia&parent=389"}],"curies":[{"name":"wp","href":"https:\/\/api.w.org\/{rel}","templated":true}]}}