{"id":411,"date":"2020-08-19T11:39:15","date_gmt":"2020-08-19T11:39:15","guid":{"rendered":"http:\/\/mtp-bhkw-service.com\/?page_id=411"},"modified":"2021-07-19T11:21:10","modified_gmt":"2021-07-19T11:21:10","slug":"blockheizkraftwerke","status":"publish","type":"page","link":"https:\/\/mtp-bhkw-service.com\/?page_id=411","title":{"rendered":"MAMotec GmbH"},"content":{"rendered":"<div class=\"porto-u-heading\" data-hspacer=\"no_spacer\" data-halign=\"left\">\n<div class=\"porto-u-main-heading\">\n<h1>DIE K\u00d6PFE HINTER mamotec<\/h1>\n<\/div>\n<\/div>\n<div class=\"wpb_text_column wpb_content_element \">\n<div class=\"wpb_wrapper\">\n<p>Wir, Nico Albrecht und Bernd M\u00fcller, haben die MAMotec GmbH im Juni 2019 gegr\u00fcndet. Gemeinsam wollen wir mit unseren Produkten und Dienstleistungen den Gasmotorenmarkt nachhaltig ver\u00e4ndern und im Besonderen verbessern. Dazu bringen wir unsere langj\u00e4hrige Expertise aus der Energie-, Gasmotoren und BHKW-Branche ein.<\/p>\n<p><img loading=\"lazy\" decoding=\"async\" class=\"alignnone size-medium wp-image-510\" src=\"http:\/\/mtp-bhkw-service.com\/wp-content\/uploads\/2021\/04\/mamotec_team_-300x143.jpg\" alt=\"\" width=\"300\" height=\"143\" srcset=\"https:\/\/mtp-bhkw-service.com\/wp-content\/uploads\/2021\/04\/mamotec_team_-300x143.jpg 300w, https:\/\/mtp-bhkw-service.com\/wp-content\/uploads\/2021\/04\/mamotec_team_-500x238.jpg 500w, https:\/\/mtp-bhkw-service.com\/wp-content\/uploads\/2021\/04\/mamotec_team_-768x366.jpg 768w, https:\/\/mtp-bhkw-service.com\/wp-content\/uploads\/2021\/04\/mamotec_team_-1536x731.jpg 1536w, https:\/\/mtp-bhkw-service.com\/wp-content\/uploads\/2021\/04\/mamotec_team_-2048x975.jpg 2048w\" sizes=\"auto, (max-width: 300px) 100vw, 300px\" \/><\/p>\n\n<table id=\"tablepress-1\" class=\"tablepress tablepress-id-1\">\n<thead>\n<tr class=\"row-1\">\n\t<th class=\"column-1\">Motortyp:<\/th><th class=\"column-2\">Kurzbeschreibung:<\/th><th class=\"column-3\">Preis:<\/th><td class=\"column-4\"><\/td><td class=\"column-5\"><\/td>\n<\/tr>\n<\/thead>\n<tbody class=\"row-striping row-hover\">\n<tr class=\"row-2\">\n\t<td class=\"column-1\">MAG 33.3 S 313A<\/td><td class=\"column-2\">Gasgrundmotor, bestehend aus Motorblock,<br \/>\nwassergek\u00fchltem Abgaskr\u00fcmmer,<br \/>\nVerdichtung 13:1, Drehzahl- und Temperatursensoren, Starter 24V<\/td><td class=\"column-3\">Auf Anfrage <\/td><td class=\"column-4\"><\/td><td class=\"column-5\"><\/td>\n<\/tr>\n<tr class=\"row-3\">\n\t<td class=\"column-1\">MAG 49.4 S 213A<\/td><td class=\"column-2\">Gasgrundmotor, bestehend aus Motorblock,<br \/>\nwassergek\u00fchltem Abgaskr\u00fcmmer,<br \/>\nVerdichtung 13:1, Drehzahl- und Temperatursensoren, Starter 24V,<\/td><td class=\"column-3\">Auf Anfrage <\/td><td class=\"column-4\"><\/td><td class=\"column-5\"><\/td>\n<\/tr>\n<tr class=\"row-4\">\n\t<td class=\"column-1\">MAG 74.6 S 213A<\/td><td class=\"column-2\">Gasgrundmotor, bestehend aus Motorblock,<br \/>\nwassergek\u00fchltem Abgaskr\u00fcmmer,<br \/>\nVerdichtung 13:1, Drehzahl- und Temperatursensoren, Starter 24V,<\/td><td class=\"column-3\">Auf Anfrage<\/td><td class=\"column-4\"><\/td><td class=\"column-5\"><\/td>\n<\/tr>\n<tr class=\"row-5\">\n\t<td class=\"column-1\">MAG 84.6 S 213A<\/td><td class=\"column-2\">Gasgrundmotor, bestehend aus Motorblock,<br \/>\nwassergek\u00fchltem Abgaskr\u00fcmmer,<br \/>\nVerdichtung 13:1, Drehzahl- und Temperatursensoren, Starter 24V,<\/td><td class=\"column-3\">Auf Anfrage <\/td><td class=\"column-4\"><\/td><td class=\"column-5\"><\/td>\n<\/tr>\n<\/tbody>\n<\/table>\n<!-- #tablepress-1 from cache -->\n<\/div>\n<\/div>\n<aside id=\"right\">\n<div class=\"inside\">\n<div id=\"technische-daten-45\" class=\"mod_article first last block\">\n<div class=\"porto-u-heading\" data-hspacer=\"no_spacer\" data-halign=\"left\">\n<div class=\"porto-u-main-heading\">\n<h1>UNSERE GASMOTOREN<\/h1>\n<\/div>\n<\/div>\n<div class=\"wpb_text_column wpb_content_element \">\n<div class=\"wpb_wrapper\">\n<p>Unsere Gasmotoren basieren auf Valmet\/Sisu Grundmotoren. Diese werden bei uns zerlegt und speziell als Gasmotor wieder aufgebaut. Nicht ohne Stolz k\u00f6nnen wir sagen, dass unsere Gasmotoren zu den effizientesten und haltbarsten Gasmotoren am Markt geh\u00f6ren. Diesen Erfolg haben wir neben unserer intensiven Entwicklungsarbeit auch unseren langj\u00e4hrigen Kunden zu verdanken, die mit vielen Ideen und Erfahrungen aus dem Feld uns immer neue Impulse geben.<\/p>\n<\/div>\n<p><img loading=\"lazy\" decoding=\"async\" class=\"alignnone size-medium wp-image-508\" src=\"http:\/\/mtp-bhkw-service.com\/wp-content\/uploads\/2021\/04\/9-300x169.png\" alt=\"\" width=\"300\" height=\"169\" srcset=\"https:\/\/mtp-bhkw-service.com\/wp-content\/uploads\/2021\/04\/9-300x169.png 300w, https:\/\/mtp-bhkw-service.com\/wp-content\/uploads\/2021\/04\/9-500x281.png 500w, https:\/\/mtp-bhkw-service.com\/wp-content\/uploads\/2021\/04\/9-768x432.png 768w, https:\/\/mtp-bhkw-service.com\/wp-content\/uploads\/2021\/04\/9-1536x864.png 1536w, https:\/\/mtp-bhkw-service.com\/wp-content\/uploads\/2021\/04\/9.png 1920w\" sizes=\"auto, (max-width: 300px) 100vw, 300px\" \/><img loading=\"lazy\" decoding=\"async\" class=\"alignnone size-medium wp-image-511\" src=\"http:\/\/mtp-bhkw-service.com\/wp-content\/uploads\/2021\/04\/4-300x169.png\" alt=\"\" width=\"300\" height=\"169\" srcset=\"https:\/\/mtp-bhkw-service.com\/wp-content\/uploads\/2021\/04\/4-300x169.png 300w, https:\/\/mtp-bhkw-service.com\/wp-content\/uploads\/2021\/04\/4-500x281.png 500w, https:\/\/mtp-bhkw-service.com\/wp-content\/uploads\/2021\/04\/4-768x432.png 768w, https:\/\/mtp-bhkw-service.com\/wp-content\/uploads\/2021\/04\/4-1536x864.png 1536w, https:\/\/mtp-bhkw-service.com\/wp-content\/uploads\/2021\/04\/4.png 1920w\" sizes=\"auto, (max-width: 300px) 100vw, 300px\" \/> \u00a0<img loading=\"lazy\" decoding=\"async\" class=\"alignnone size-medium wp-image-513\" src=\"http:\/\/mtp-bhkw-service.com\/wp-content\/uploads\/2021\/04\/2-300x169.png\" alt=\"\" width=\"300\" height=\"169\" srcset=\"https:\/\/mtp-bhkw-service.com\/wp-content\/uploads\/2021\/04\/2-300x169.png 300w, https:\/\/mtp-bhkw-service.com\/wp-content\/uploads\/2021\/04\/2-500x281.png 500w, https:\/\/mtp-bhkw-service.com\/wp-content\/uploads\/2021\/04\/2-768x432.png 768w, https:\/\/mtp-bhkw-service.com\/wp-content\/uploads\/2021\/04\/2-1536x864.png 1536w, https:\/\/mtp-bhkw-service.com\/wp-content\/uploads\/2021\/04\/2.png 1920w\" sizes=\"auto, (max-width: 300px) 100vw, 300px\" \/> <img loading=\"lazy\" decoding=\"async\" class=\"alignnone size-medium wp-image-514\" src=\"http:\/\/mtp-bhkw-service.com\/wp-content\/uploads\/2021\/04\/5-300x169.png\" alt=\"\" width=\"300\" height=\"169\" srcset=\"https:\/\/mtp-bhkw-service.com\/wp-content\/uploads\/2021\/04\/5-300x169.png 300w, https:\/\/mtp-bhkw-service.com\/wp-content\/uploads\/2021\/04\/5-500x281.png 500w, https:\/\/mtp-bhkw-service.com\/wp-content\/uploads\/2021\/04\/5-768x432.png 768w, https:\/\/mtp-bhkw-service.com\/wp-content\/uploads\/2021\/04\/5-1536x864.png 1536w, https:\/\/mtp-bhkw-service.com\/wp-content\/uploads\/2021\/04\/5.png 1920w\" sizes=\"auto, (max-width: 300px) 100vw, 300px\" \/> <img loading=\"lazy\" decoding=\"async\" class=\"alignnone size-medium wp-image-515\" src=\"http:\/\/mtp-bhkw-service.com\/wp-content\/uploads\/2021\/04\/6-1-300x169.png\" alt=\"\" width=\"300\" height=\"169\" srcset=\"https:\/\/mtp-bhkw-service.com\/wp-content\/uploads\/2021\/04\/6-1-300x169.png 300w, https:\/\/mtp-bhkw-service.com\/wp-content\/uploads\/2021\/04\/6-1-500x281.png 500w, https:\/\/mtp-bhkw-service.com\/wp-content\/uploads\/2021\/04\/6-1-768x432.png 768w, https:\/\/mtp-bhkw-service.com\/wp-content\/uploads\/2021\/04\/6-1-1536x864.png 1536w, https:\/\/mtp-bhkw-service.com\/wp-content\/uploads\/2021\/04\/6-1.png 1920w\" sizes=\"auto, (max-width: 300px) 100vw, 300px\" \/> <img loading=\"lazy\" decoding=\"async\" class=\"alignnone size-medium wp-image-516\" src=\"http:\/\/mtp-bhkw-service.com\/wp-content\/uploads\/2021\/04\/7-300x169.png\" alt=\"\" width=\"300\" height=\"169\" srcset=\"https:\/\/mtp-bhkw-service.com\/wp-content\/uploads\/2021\/04\/7-300x169.png 300w, https:\/\/mtp-bhkw-service.com\/wp-content\/uploads\/2021\/04\/7-500x281.png 500w, https:\/\/mtp-bhkw-service.com\/wp-content\/uploads\/2021\/04\/7-768x432.png 768w, https:\/\/mtp-bhkw-service.com\/wp-content\/uploads\/2021\/04\/7-1536x864.png 1536w, https:\/\/mtp-bhkw-service.com\/wp-content\/uploads\/2021\/04\/7.png 1920w\" sizes=\"auto, (max-width: 300px) 100vw, 300px\" \/><\/p>\n<blockquote class=\"wp-embedded-content\" data-secret=\"P1KOC4aQQf\"><p><a href=\"https:\/\/mamotec-online.de\/\">Home<\/a><\/p><\/blockquote>\n<p><iframe loading=\"lazy\" class=\"wp-embedded-content\" sandbox=\"allow-scripts\" security=\"restricted\" style=\"position: absolute; visibility: hidden;\" title=\"&#8222;Home&#8220; &#8212; mamotec\" src=\"https:\/\/mamotec-online.de\/embed\/#?secret=wA6oVyzcRB#?secret=P1KOC4aQQf\" data-secret=\"P1KOC4aQQf\" width=\"500\" height=\"282\" frameborder=\"0\" marginwidth=\"0\" marginheight=\"0\" scrolling=\"no\"><\/iframe><\/p>\n<\/div>\n<\/div>\n<\/div>\n<\/aside>\n","protected":false},"excerpt":{"rendered":"<p>DIE K\u00d6PFE HINTER mamotec Wir, Nico Albrecht und Bernd M\u00fcller, haben die MAMotec GmbH im Juni 2019 gegr\u00fcndet. Gemeinsam wollen wir mit unseren Produkten und Dienstleistungen den Gasmotorenmarkt nachhaltig ver\u00e4ndern und im Besonderen verbessern. Dazu bringen wir unsere langj\u00e4hrige Expertise aus der Energie-, Gasmotoren und BHKW-Branche ein. UNSERE GASMOTOREN Unsere Gasmotoren basieren auf Valmet\/Sisu Grundmotoren&#8230;. <\/p>\n","protected":false},"author":1,"featured_media":0,"parent":0,"menu_order":0,"comment_status":"closed","ping_status":"closed","template":"","meta":{"footnotes":""},"class_list":["post-411","page","type-page","status-publish","hentry"],"jetpack_sharing_enabled":true,"_links":{"self":[{"href":"https:\/\/mtp-bhkw-service.com\/index.php?rest_route=\/wp\/v2\/pages\/411","targetHints":{"allow":["GET"]}}],"collection":[{"href":"https:\/\/mtp-bhkw-service.com\/index.php?rest_route=\/wp\/v2\/pages"}],"about":[{"href":"https:\/\/mtp-bhkw-service.com\/index.php?rest_route=\/wp\/v2\/types\/page"}],"author":[{"embeddable":true,"href":"https:\/\/mtp-bhkw-service.com\/index.php?rest_route=\/wp\/v2\/users\/1"}],"replies":[{"embeddable":true,"href":"https:\/\/mtp-bhkw-service.com\/index.php?rest_route=%2Fwp%2Fv2%2Fcomments&post=411"}],"version-history":[{"count":15,"href":"https:\/\/mtp-bhkw-service.com\/index.php?rest_route=\/wp\/v2\/pages\/411\/revisions"}],"predecessor-version":[{"id":538,"href":"https:\/\/mtp-bhkw-service.com\/index.php?rest_route=\/wp\/v2\/pages\/411\/revisions\/538"}],"wp:attachment":[{"href":"https:\/\/mtp-bhkw-service.com\/index.php?rest_route=%2Fwp%2Fv2%2Fmedia&parent=411"}],"curies":[{"name":"wp","href":"https:\/\/api.w.org\/{rel}","templated":true}]}}