{"id":438,"date":"2021-01-15T11:50:29","date_gmt":"2021-01-15T11:50:29","guid":{"rendered":"http:\/\/mtp-bhkw-service.com\/?page_id=438"},"modified":"2021-07-26T10:54:48","modified_gmt":"2021-07-26T10:54:48","slug":"ladeluftkuehlerservice","status":"publish","type":"page","link":"https:\/\/mtp-bhkw-service.com\/?page_id=438","title":{"rendered":"Zylinderk\u00f6pfe-AT"},"content":{"rendered":"<h2><em><strong><img loading=\"lazy\" decoding=\"async\" class=\"size-medium wp-image-546 alignnone\" src=\"http:\/\/mtp-bhkw-service.com\/wp-content\/uploads\/2021\/07\/Attachment-1-300x300.png\" alt=\"\" width=\"300\" height=\"300\" srcset=\"https:\/\/mtp-bhkw-service.com\/wp-content\/uploads\/2021\/07\/Attachment-1-300x300.png 300w, https:\/\/mtp-bhkw-service.com\/wp-content\/uploads\/2021\/07\/Attachment-1-500x500.png 500w, https:\/\/mtp-bhkw-service.com\/wp-content\/uploads\/2021\/07\/Attachment-1-150x150.png 150w, https:\/\/mtp-bhkw-service.com\/wp-content\/uploads\/2021\/07\/Attachment-1-768x768.png 768w, https:\/\/mtp-bhkw-service.com\/wp-content\/uploads\/2021\/07\/Attachment-1-1536x1536.png 1536w, https:\/\/mtp-bhkw-service.com\/wp-content\/uploads\/2021\/07\/Attachment-1.png 1920w\" sizes=\"auto, (max-width: 300px) 100vw, 300px\" \/><\/strong><\/em><\/h2>\n<h2><em><strong>Austausch &#8211; Zylinderkopf \u00a0<\/strong><\/em><\/h2>\n<div>z.B. MWM 2020 V, MWM 2016, CAT 3016 sowie MAN 0836, MAN 2842 \/ 48 \u00a0LE, MAN 3262 xxx\u00a0\u00a0.<\/div>\n<div><\/div>\n<div>\n<div id=\"attachment_543\" style=\"width: 310px\" class=\"wp-caption alignnone\"><img loading=\"lazy\" decoding=\"async\" aria-describedby=\"caption-attachment-543\" class=\"wp-image-543 size-medium\" src=\"http:\/\/mtp-bhkw-service.com\/wp-content\/uploads\/2021\/07\/M1_blau-medium-300x182.jpg\" alt=\"\" width=\"300\" height=\"182\" srcset=\"https:\/\/mtp-bhkw-service.com\/wp-content\/uploads\/2021\/07\/M1_blau-medium-300x182.jpg 300w, https:\/\/mtp-bhkw-service.com\/wp-content\/uploads\/2021\/07\/M1_blau-medium-500x303.jpg 500w, https:\/\/mtp-bhkw-service.com\/wp-content\/uploads\/2021\/07\/M1_blau-medium-768x465.jpg 768w, https:\/\/mtp-bhkw-service.com\/wp-content\/uploads\/2021\/07\/M1_blau-medium-240x145.jpg 240w, https:\/\/mtp-bhkw-service.com\/wp-content\/uploads\/2021\/07\/M1_blau-medium.jpg 800w\" sizes=\"auto, (max-width: 300px) 100vw, 300px\" \/><p id=\"caption-attachment-543\" class=\"wp-caption-text\">Baureihe V8\/ V12 \/ V16 MWM TCG 2018 \/ 2019 \/ 3016 und CAT CG 132 MNr.: 4000 2018 VGL: xxxx 2018 4000 2019 VGL xxxx 2019<\/p><\/div>\n<\/div>\n<div><\/div>\n<div><\/div>\n<div>\n<div id=\"attachment_542\" style=\"width: 310px\" class=\"wp-caption alignnone\"><img loading=\"lazy\" decoding=\"async\" aria-describedby=\"caption-attachment-542\" class=\"wp-image-542 size-medium\" src=\"http:\/\/mtp-bhkw-service.com\/wp-content\/uploads\/2021\/07\/M2_blau-medium-300x182.jpg\" alt=\"\" width=\"300\" height=\"182\" srcset=\"https:\/\/mtp-bhkw-service.com\/wp-content\/uploads\/2021\/07\/M2_blau-medium-300x182.jpg 300w, https:\/\/mtp-bhkw-service.com\/wp-content\/uploads\/2021\/07\/M2_blau-medium-500x303.jpg 500w, https:\/\/mtp-bhkw-service.com\/wp-content\/uploads\/2021\/07\/M2_blau-medium-768x465.jpg 768w, https:\/\/mtp-bhkw-service.com\/wp-content\/uploads\/2021\/07\/M2_blau-medium-240x145.jpg 240w, https:\/\/mtp-bhkw-service.com\/wp-content\/uploads\/2021\/07\/M2_blau-medium.jpg 800w\" sizes=\"auto, (max-width: 300px) 100vw, 300px\" \/><p id=\"caption-attachment-542\" class=\"wp-caption-text\">MWM TBG 604 Motorvarianten: V12 \/ V16 \/ V20 MNr.: 4000 6005 VGL: xxxx 6005 TEM MNr.: 4000 0277 VGL: xxxx 0277 O2<\/p><\/div>\n<p>&nbsp;<\/p>\n<\/div>\n<div id=\"attachment_542\" style=\"width: 310px\" class=\"wp-caption alignnone\"><img loading=\"lazy\" decoding=\"async\" aria-describedby=\"caption-attachment-542\" class=\"wp-image-542 size-medium\" src=\"http:\/\/mtp-bhkw-service.com\/wp-content\/uploads\/2021\/07\/M2_blau-medium-300x182.jpg\" alt=\"\" width=\"300\" height=\"182\" srcset=\"https:\/\/mtp-bhkw-service.com\/wp-content\/uploads\/2021\/07\/M2_blau-medium-300x182.jpg 300w, https:\/\/mtp-bhkw-service.com\/wp-content\/uploads\/2021\/07\/M2_blau-medium-500x303.jpg 500w, https:\/\/mtp-bhkw-service.com\/wp-content\/uploads\/2021\/07\/M2_blau-medium-768x465.jpg 768w, https:\/\/mtp-bhkw-service.com\/wp-content\/uploads\/2021\/07\/M2_blau-medium-240x145.jpg 240w, https:\/\/mtp-bhkw-service.com\/wp-content\/uploads\/2021\/07\/M2_blau-medium.jpg 800w\" sizes=\"auto, (max-width: 300px) 100vw, 300px\" \/><p id=\"caption-attachment-542\" class=\"wp-caption-text\">MWM TCG 2020 Baureihe: V12 \/ V16 \/ V20 TN: 4000 6002 VGL: xxxx 6002 TN: 4000 6008 VGL: xxxx 6008 TN: 4000 6009 VGL: xxxx 6009<\/p><\/div>\n<div><\/div>\n<div><\/div>\n<div><\/div>\n<div>\n<div>Ihre Anfrage k\u00f6nnen Sie uns gerne unter senden:<\/div>\n<div><a href=\"mailto:service@mtp-bhkw-service.de\">service@mtp-bhkw-service.de<\/a><a href=\"http:\/\/mtp-bhkw-service.com\/wp-content\/uploads\/2021\/01\/Logopapier_AN_2015.tiff\"><img loading=\"lazy\" decoding=\"async\" class=\"alignnone size-medium wp-image-446\" src=\"http:\/\/mtp-bhkw-service.com\/wp-content\/uploads\/2021\/01\/Logopapier_AN_2015.tiff\" alt=\"\" width=\"1\" height=\"1\" \/><\/a><img loading=\"lazy\" decoding=\"async\" class=\"alignnone size-medium wp-image-446\" src=\"http:\/\/mtp-bhkw-service.com\/wp-content\/uploads\/2021\/01\/Logopapier_AN_2015.tiff\" alt=\"\" width=\"1\" height=\"1\" \/>\u00a0<em><strong>(Ihr MTP Service Team)<\/strong><\/em><\/div>\n<\/div>\n<div><\/div>\n<div><\/div>\n<div><\/div>\n<div>Die MTP BHKW Service GmbH, mit Hauptsitz in Hohen Neuendorf, bietet Ihnen Service, Wartung und Ersatzteillieferungen f\u00fcr Blockheizkraftwerke (BHKW) sowie damit verbundene Dienstleistungen aus einer Hand. Wir sind seit \u00fcber 10 Jahren als BHKW-Service Dienstleister in Deutschland und Europa f\u00fcr Sie im Einsatz. Fachkompetenz, Flexibilit\u00e4t und hohe Einsatzbereitschaft sind die Eckpfeiler unserer Firmenphilosophie.<\/div>\n<div>\n<p>Durch hochwertige Arbeit, flexiblen Service und hohen pers\u00f6nlichen Einsatz k\u00f6nnen wir unseren Kundenkreis stetig erweitern. Bei uns k\u00f6nnen Sie zuverl\u00e4ssige und professionelle Arbeit auf hohem Niveau erwarten! \u00fcberzeugen Sie sich am Besten selbst davon.<\/p>\n<\/div>\n<div>\n<div><\/div>\n<\/div>\n<div><img loading=\"lazy\" decoding=\"async\" class=\"alignnone size-medium wp-image-78\" src=\"http:\/\/mtp-bhkw-service.com\/wp-content\/uploads\/2016\/07\/IMG_1442-300x225.jpg\" alt=\"\" width=\"300\" height=\"225\" srcset=\"https:\/\/mtp-bhkw-service.com\/wp-content\/uploads\/2016\/07\/IMG_1442-300x225.jpg 300w, https:\/\/mtp-bhkw-service.com\/wp-content\/uploads\/2016\/07\/IMG_1442-768x576.jpg 768w, https:\/\/mtp-bhkw-service.com\/wp-content\/uploads\/2016\/07\/IMG_1442-1024x768.jpg 1024w\" sizes=\"auto, (max-width: 300px) 100vw, 300px\" \/> <img loading=\"lazy\" decoding=\"async\" class=\"alignnone size-medium wp-image-77\" src=\"http:\/\/mtp-bhkw-service.com\/wp-content\/uploads\/2016\/07\/IMG_1390-300x225.jpg\" alt=\"\" width=\"300\" height=\"225\" srcset=\"https:\/\/mtp-bhkw-service.com\/wp-content\/uploads\/2016\/07\/IMG_1390-300x225.jpg 300w, https:\/\/mtp-bhkw-service.com\/wp-content\/uploads\/2016\/07\/IMG_1390-768x576.jpg 768w, https:\/\/mtp-bhkw-service.com\/wp-content\/uploads\/2016\/07\/IMG_1390-1024x768.jpg 1024w\" sizes=\"auto, (max-width: 300px) 100vw, 300px\" \/><\/div>\n","protected":false},"excerpt":{"rendered":"<p>Austausch &#8211; Zylinderkopf \u00a0 z.B. MWM 2020 V, MWM 2016, CAT 3016 sowie MAN 0836, MAN 2842 \/ 48 \u00a0LE, MAN 3262 xxx\u00a0\u00a0. &nbsp; Ihre Anfrage k\u00f6nnen Sie uns gerne unter senden: service@mtp-bhkw-service.de\u00a0(Ihr MTP Service Team) Die MTP BHKW Service GmbH, mit Hauptsitz in Hohen Neuendorf, bietet Ihnen Service, Wartung und Ersatzteillieferungen f\u00fcr Blockheizkraftwerke (BHKW)&#8230; <\/p>\n","protected":false},"author":1,"featured_media":0,"parent":0,"menu_order":0,"comment_status":"closed","ping_status":"closed","template":"","meta":{"footnotes":""},"class_list":["post-438","page","type-page","status-publish","hentry"],"jetpack_sharing_enabled":true,"_links":{"self":[{"href":"https:\/\/mtp-bhkw-service.com\/index.php?rest_route=\/wp\/v2\/pages\/438","targetHints":{"allow":["GET"]}}],"collection":[{"href":"https:\/\/mtp-bhkw-service.com\/index.php?rest_route=\/wp\/v2\/pages"}],"about":[{"href":"https:\/\/mtp-bhkw-service.com\/index.php?rest_route=\/wp\/v2\/types\/page"}],"author":[{"embeddable":true,"href":"https:\/\/mtp-bhkw-service.com\/index.php?rest_route=\/wp\/v2\/users\/1"}],"replies":[{"embeddable":true,"href":"https:\/\/mtp-bhkw-service.com\/index.php?rest_route=%2Fwp%2Fv2%2Fcomments&post=438"}],"version-history":[{"count":19,"href":"https:\/\/mtp-bhkw-service.com\/index.php?rest_route=\/wp\/v2\/pages\/438\/revisions"}],"predecessor-version":[{"id":445,"href":"https:\/\/mtp-bhkw-service.com\/index.php?rest_route=\/wp\/v2\/pages\/438\/revisions\/445"}],"wp:attachment":[{"href":"https:\/\/mtp-bhkw-service.com\/index.php?rest_route=%2Fwp%2Fv2%2Fmedia&parent=438"}],"curies":[{"name":"wp","href":"https:\/\/api.w.org\/{rel}","templated":true}]}}