{"id":490,"date":"2021-01-27T06:46:43","date_gmt":"2021-01-27T06:46:43","guid":{"rendered":"http:\/\/mtp-bhkw-service.com\/?page_id=490"},"modified":"2021-07-26T10:48:49","modified_gmt":"2021-07-26T10:48:49","slug":"katalysatoren","status":"publish","type":"page","link":"https:\/\/mtp-bhkw-service.com\/?page_id=490","title":{"rendered":"Katalysatoren"},"content":{"rendered":"<h2>Katalysatoren mit Schnellwechselgeh\u00e4use<\/h2>\n<p>Beispiel f\u00fcr Ihren MAN Biogas \/ Erdgas Motor MAN 3262 LE xxx<\/p>\n<p>&nbsp;<\/p>\n<p><img loading=\"lazy\" decoding=\"async\" class=\"alignnone size-medium wp-image-554\" src=\"http:\/\/mtp-bhkw-service.com\/wp-content\/uploads\/2021\/07\/05_OXI-Kat-300x168.png\" alt=\"\" width=\"300\" height=\"168\" srcset=\"https:\/\/mtp-bhkw-service.com\/wp-content\/uploads\/2021\/07\/05_OXI-Kat-300x168.png 300w, https:\/\/mtp-bhkw-service.com\/wp-content\/uploads\/2021\/07\/05_OXI-Kat-500x280.png 500w, https:\/\/mtp-bhkw-service.com\/wp-content\/uploads\/2021\/07\/05_OXI-Kat-768x430.png 768w, https:\/\/mtp-bhkw-service.com\/wp-content\/uploads\/2021\/07\/05_OXI-Kat.png 1500w\" sizes=\"auto, (max-width: 300px) 100vw, 300px\" \/><\/p>\n<section class=\"elementor-section elementor-top-section elementor-element elementor-element-b59798a elementor-section-boxed elementor-section-height-default elementor-section-height-default\" data-id=\"b59798a\" data-element_type=\"section\">\n<div class=\"elementor-container elementor-column-gap-default\">\n<div class=\"elementor-row\">\n<div class=\"elementor-column elementor-col-100 elementor-top-column elementor-element elementor-element-a3d970b\" data-id=\"a3d970b\" data-element_type=\"column\">\n<div class=\"elementor-column-wrap elementor-element-populated\">\n<div class=\"elementor-widget-wrap\">\n<div class=\"elementor-element elementor-element-bfadc08 elementor-widget elementor-widget-heading elementor-widget-heading__h2\" data-id=\"bfadc08\" data-element_type=\"widget\" data-widget_type=\"heading.default\">\n<div class=\"elementor-widget-container\">\n<h2 class=\"elementor-heading-title elementor-size-default\">Vom Abgas zur schadstoffarmen Luft<\/h2>\n<\/div>\n<\/div>\n<\/div>\n<\/div>\n<\/div>\n<\/div>\n<\/div>\n<\/section>\n<section class=\"elementor-section elementor-top-section elementor-element elementor-element-eec2aa1 elementor-section-boxed elementor-section-height-default elementor-section-height-default\" data-id=\"eec2aa1\" data-element_type=\"section\">\n<div class=\"elementor-container elementor-column-gap-default\">\n<div class=\"elementor-row\">\n<div class=\"elementor-column elementor-col-100 elementor-top-column elementor-element elementor-element-6a07c67\" data-id=\"6a07c67\" data-element_type=\"column\">\n<div class=\"elementor-column-wrap elementor-element-populated\">\n<div class=\"elementor-widget-wrap\">\n<div class=\"elementor-element elementor-element-a12b2a4 elementor-widget elementor-widget-text-editor\" data-id=\"a12b2a4\" data-element_type=\"widget\" data-widget_type=\"text-editor.default\">\n<div class=\"elementor-widget-container\">\n<div class=\"elementor-text-editor elementor-clearfix\">\n<p>Beim Verbrennen von Treibstoffen durch Motoren bilden sich Schadstoffe im Abgas. Die Katalysatoren von APROVIS \u00fcbernehmen die wichtige Aufgabe, den Aussto\u00df solcher Schadstoffe deutlich zu verringern. Oxidations- und 3-Wege-Katalysatoren von APROVIS wandeln belastende Bestandteile im Abgas durch Oxidation in unsch\u00e4dliche Stoffe um. Auch f\u00fcr Gas- und Dieselmotoren in Blockheizkraftwerken entwickelt APROVIS als eines der f\u00fchrenden Technologie-Unternehmen in diesem Bereich ma\u00dfgefertigte L\u00f6sungen.<\/p>\n<p>Durch Standardisierung und organisierte Lagerhaltung kann APROVIS k\u00fcrzeste Lieferzeiten anbieten. Das gilt f\u00fcr Einzelanfertigungen und Serienprodukte ebenso wie f\u00fcr die Anwendung in Mini-Blockheizkraftwerken oder bei Gro\u00dfmotoren. Von der Planung bis zum laufenden Betrieb der Katalysatoren bleibt APROVIS zuverl\u00e4ssiger Ansprechpartner f\u00fcr alle Fragen.<\/p>\n<\/div>\n<\/div>\n<\/div>\n<\/div>\n<\/div>\n<\/div>\n<\/div>\n<\/div>\n<\/section>\n<p>&nbsp;<\/p>\n","protected":false},"excerpt":{"rendered":"<p>Katalysatoren mit Schnellwechselgeh\u00e4use Beispiel f\u00fcr Ihren MAN Biogas \/ Erdgas Motor MAN 3262 LE xxx &nbsp; Vom Abgas zur schadstoffarmen Luft Beim Verbrennen von Treibstoffen durch Motoren bilden sich Schadstoffe im Abgas. Die Katalysatoren von APROVIS \u00fcbernehmen die wichtige Aufgabe, den Aussto\u00df solcher Schadstoffe deutlich zu verringern. Oxidations- und 3-Wege-Katalysatoren von APROVIS wandeln belastende Bestandteile&#8230; <\/p>\n","protected":false},"author":1,"featured_media":0,"parent":0,"menu_order":0,"comment_status":"closed","ping_status":"closed","template":"","meta":{"footnotes":""},"class_list":["post-490","page","type-page","status-publish","hentry"],"jetpack_sharing_enabled":true,"_links":{"self":[{"href":"https:\/\/mtp-bhkw-service.com\/index.php?rest_route=\/wp\/v2\/pages\/490","targetHints":{"allow":["GET"]}}],"collection":[{"href":"https:\/\/mtp-bhkw-service.com\/index.php?rest_route=\/wp\/v2\/pages"}],"about":[{"href":"https:\/\/mtp-bhkw-service.com\/index.php?rest_route=\/wp\/v2\/types\/page"}],"author":[{"embeddable":true,"href":"https:\/\/mtp-bhkw-service.com\/index.php?rest_route=\/wp\/v2\/users\/1"}],"replies":[{"embeddable":true,"href":"https:\/\/mtp-bhkw-service.com\/index.php?rest_route=%2Fwp%2Fv2%2Fcomments&post=490"}],"version-history":[{"count":3,"href":"https:\/\/mtp-bhkw-service.com\/index.php?rest_route=\/wp\/v2\/pages\/490\/revisions"}],"predecessor-version":[{"id":556,"href":"https:\/\/mtp-bhkw-service.com\/index.php?rest_route=\/wp\/v2\/pages\/490\/revisions\/556"}],"wp:attachment":[{"href":"https:\/\/mtp-bhkw-service.com\/index.php?rest_route=%2Fwp%2Fv2%2Fmedia&parent=490"}],"curies":[{"name":"wp","href":"https:\/\/api.w.org\/{rel}","templated":true}]}}