{"id":55,"date":"2016-07-12T12:54:23","date_gmt":"2016-07-12T12:54:23","guid":{"rendered":"http:\/\/mtp-bhkw-service.com\/?page_id=55"},"modified":"2016-07-14T09:21:57","modified_gmt":"2016-07-14T09:21:57","slug":"impressum","status":"publish","type":"page","link":"https:\/\/mtp-bhkw-service.com\/?page_id=55","title":{"rendered":"Impressum"},"content":{"rendered":"<h2>Impressum<\/h2>\n<p><span class=\"Apple-style-span\" style=\"font-size: 15px; font-weight: bold;\">Angaben gem\u00e4\u00df \u00a7 5 TMG<\/span><\/p>\n<div>\n<p>MTP-BHKW-Service-GmbH<br \/>\nGesch\u00e4ftsf\u00fchrer: Andreas Petukat<br \/>\nGewerbestra\u00dfe 12<br \/>\n16540 Hohen Neuendorf<\/p>\n<p>Registereintrag<br \/>\nGesellschaftssitz: Hohen Neuendorf<br \/>\nHandelsregister Amtsgericht Neuruppin,\u00a0HRB 10386 NP<\/p>\n<p>Umsatzsteuer-Identifikationsnummer<br \/>\ngem\u00e4\u00df TMR \u00a78 bis \u00a710<br \/>\nUmsatzsteuergesetz: DE 266367812<\/p>\n<p>Verantwortlich f\u00fcr den Inhalt nach<br \/>\n<strong>\u00a7 55 Abs. 2 RStV<\/strong>:<br \/>\nMTP BHKW Service GmbH<br \/>\nGewerbestra\u00dfe 12<br \/>\n16540 Hohen Neuendorf<\/p>\n<\/div>\n","protected":false},"excerpt":{"rendered":"<p>Impressum Angaben gem\u00e4\u00df \u00a7 5 TMG MTP-BHKW-Service-GmbH Gesch\u00e4ftsf\u00fchrer: Andreas Petukat Gewerbestra\u00dfe 12 16540 Hohen Neuendorf Registereintrag Gesellschaftssitz: Hohen Neuendorf Handelsregister Amtsgericht Neuruppin,\u00a0HRB 10386 NP Umsatzsteuer-Identifikationsnummer gem\u00e4\u00df TMR \u00a78 bis \u00a710 Umsatzsteuergesetz: DE 266367812 Verantwortlich f\u00fcr den Inhalt nach \u00a7 55 Abs. 2 RStV: MTP BHKW Service GmbH Gewerbestra\u00dfe 12 16540 Hohen Neuendorf<\/p>\n","protected":false},"author":1,"featured_media":0,"parent":0,"menu_order":0,"comment_status":"closed","ping_status":"closed","template":"","meta":{"footnotes":""},"class_list":["post-55","page","type-page","status-publish","hentry"],"jetpack_sharing_enabled":true,"_links":{"self":[{"href":"https:\/\/mtp-bhkw-service.com\/index.php?rest_route=\/wp\/v2\/pages\/55","targetHints":{"allow":["GET"]}}],"collection":[{"href":"https:\/\/mtp-bhkw-service.com\/index.php?rest_route=\/wp\/v2\/pages"}],"about":[{"href":"https:\/\/mtp-bhkw-service.com\/index.php?rest_route=\/wp\/v2\/types\/page"}],"author":[{"embeddable":true,"href":"https:\/\/mtp-bhkw-service.com\/index.php?rest_route=\/wp\/v2\/users\/1"}],"replies":[{"embeddable":true,"href":"https:\/\/mtp-bhkw-service.com\/index.php?rest_route=%2Fwp%2Fv2%2Fcomments&post=55"}],"version-history":[{"count":2,"href":"https:\/\/mtp-bhkw-service.com\/index.php?rest_route=\/wp\/v2\/pages\/55\/revisions"}],"predecessor-version":[{"id":97,"href":"https:\/\/mtp-bhkw-service.com\/index.php?rest_route=\/wp\/v2\/pages\/55\/revisions\/97"}],"wp:attachment":[{"href":"https:\/\/mtp-bhkw-service.com\/index.php?rest_route=%2Fwp%2Fv2%2Fmedia&parent=55"}],"curies":[{"name":"wp","href":"https:\/\/api.w.org\/{rel}","templated":true}]}}