{"id":72,"date":"2016-07-13T10:38:09","date_gmt":"2016-07-13T10:38:09","guid":{"rendered":"http:\/\/mtp-bhkw-service.com\/?page_id=72"},"modified":"2021-07-26T10:55:21","modified_gmt":"2021-07-26T10:55:21","slug":"service","status":"publish","type":"page","link":"https:\/\/mtp-bhkw-service.com\/?page_id=72","title":{"rendered":"Service"},"content":{"rendered":"<p>&nbsp;<\/p>\n<p><img loading=\"lazy\" decoding=\"async\" class=\"alignnone size-medium wp-image-546\" src=\"http:\/\/mtp-bhkw-service.com\/wp-content\/uploads\/2021\/07\/Attachment-1-300x300.png\" alt=\"\" width=\"300\" height=\"300\" srcset=\"https:\/\/mtp-bhkw-service.com\/wp-content\/uploads\/2021\/07\/Attachment-1-300x300.png 300w, https:\/\/mtp-bhkw-service.com\/wp-content\/uploads\/2021\/07\/Attachment-1-500x500.png 500w, https:\/\/mtp-bhkw-service.com\/wp-content\/uploads\/2021\/07\/Attachment-1-150x150.png 150w, https:\/\/mtp-bhkw-service.com\/wp-content\/uploads\/2021\/07\/Attachment-1-768x768.png 768w, https:\/\/mtp-bhkw-service.com\/wp-content\/uploads\/2021\/07\/Attachment-1-1536x1536.png 1536w, https:\/\/mtp-bhkw-service.com\/wp-content\/uploads\/2021\/07\/Attachment-1.png 1920w\" sizes=\"auto, (max-width: 300px) 100vw, 300px\" \/><\/p>\n<p>Wir bieten Regelwartungen \/ Vollwartungsvertr\u00e4ge f\u00fcr Ihr Blockheizkraftwerk Kosten g\u00fcnstige Revision durch AT &#8211; Rumpfmotoren (MTP MAN Rumpfmotoren &#8211; Programm)<\/p>\n<p>Hochwertige Ersatzteile f\u00fcr Ihr Blockheizkraftwerk, wir liefern Ihnen Ersatzteile direkt vom Hersteller oder Ersatzteile von OEM Partner. Hohe Qualit\u00e4t ist uns Wichtig! hochwertige Ersatzteile f\u00fcr MAN \/ MWM Gasmotoren. Mahle, Elring, Miba, Bosch, Denso, Beru &#8230;<\/p>\n<p><span style=\"line-height: 1.5;\">Alle Wartungsstufen f\u00fcr MAN Gasmotoren<\/span><\/p>\n<p>MAN 0834, MAN 0836, MAN 2876, MAN 2848, MAN 2842, MAN 3268, und MAN 3262<\/p>\n<p>E3 Regelwartung \/ R3 Grund\u00fcberholungen in eigener Servicewerkstatt<\/p>\n<p>Telefon:(+49) 03303 2977740<br \/>\nFax.: (+49) 03303 2977749<br \/>\nEMail:\u00a0<a href=\"mailto:info@mtp-bhkw-service.de\">info@mtp-bhkw-service.de<\/a><\/p>\n<div class=\"pricing_table pcol4\">\n<div class=\"price_col \" style=\"background-color:#003366 !important;\">\n<div class=\"th\">Basic<\/div>\n<div class=\"td\"><strong>Regelwartung\n<\/strong><\/div>\n<div class=\"td\">E2-E3 Wartung<\/div>\n<div class=\"td\">ohne Motoren\u00f6l<\/div>\n<div class=\"td\">Erdgas\/Biogas<\/div>\n<div class=\"td\">alle MAN Gasmotoren<\/div>\n<div class=\"tf\"><a href=\"mailto:info@mtp-bhkw-service.de\">Angebot Basic<\/a><\/div>\n<\/div><div class=\"price_col highlight\" style=\"background-color:#990000 !important;\">\n<div class=\"th\">Premium<\/div>\n<div class=\"td\"><strong>Vollwartung\n\u20ac\/h<\/strong><\/div>\n<div class=\"td\">E2-E3 Wartung<\/div>\n<div class=\"td\">mit Motoren\u00f6l<\/div>\n<div class=\"td\">Erdgas\/Biogas<\/div>\n<div class=\"td\">alle MAN Gasmotoren<\/div>\n<div class=\"tf\"><a href=\"mailto:info@mtp-bhkw-service.de\">Angebot Premium<\/a><\/div>\n<\/div><div class=\"price_col \" style=\"background-color:#83672b !important;\">\n<div class=\"th\">Professional<\/div>\n<div class=\"td\"><strong>Vollwartung\n\u20ac\/h<\/strong><\/div>\n<div class=\"td\">E2-R3 Wartung<\/div>\n<div class=\"td\">ohne Motoren\u00f6l<\/div>\n<div class=\"td\">Erdgas<\/div>\n<div class=\"td\">alle MAN Gasmotoren<\/div>\n<div class=\"tf\"><a href=\"mailto:info@mtp-bhkw-service.de\">Angebot Professional<\/a><\/div>\n<\/div><div class=\"price_col \" >\n<div class=\"th\">Ultimate<\/div>\n<div class=\"td\"><strong>Vollwartung\n\u20ac\/h<\/strong><\/div>\n<div class=\"td\">E2-R3 Wartung<\/div>\n<div class=\"td\">mit Motor\u00f6l<\/div>\n<div class=\"td\">Erdgas<\/div>\n<div class=\"td\">alle MAN Gasmotoren<\/div>\n<div class=\"tf\"><a href=\"mailto:info@mtp-bhkw-service.de\">Angebot Ultimate<\/a><\/div>\n<\/div>\n<div class=\"clear\"><\/div><\/div>\n<p>&nbsp;<\/p>\n\n\t\t<style type=\"text\/css\">\n\t\t\t#gallery-1 {\n\t\t\t\tmargin: auto;\n\t\t\t}\n\t\t\t#gallery-1 .gallery-item {\n\t\t\t\tfloat: left;\n\t\t\t\tmargin-top: 10px;\n\t\t\t\ttext-align: center;\n\t\t\t\twidth: 33%;\n\t\t\t}\n\t\t\t#gallery-1 img {\n\t\t\t\tborder: 2px solid #cfcfcf;\n\t\t\t}\n\t\t\t#gallery-1 .gallery-caption {\n\t\t\t\tmargin-left: 0;\n\t\t\t}\n\t\t\t\/* see gallery_shortcode() in wp-includes\/media.php *\/\n\t\t<\/style>\n\t\t<div id='gallery-1' class='gallery galleryid-72 gallery-columns-3 gallery-size-thumbnail'><dl class='gallery-item'>\n\t\t\t<dt class='gallery-icon landscape'>\n\t\t\t\t<a href='https:\/\/mtp-bhkw-service.com\/?attachment_id=78#main'><img loading=\"lazy\" decoding=\"async\" width=\"150\" height=\"150\" src=\"https:\/\/mtp-bhkw-service.com\/wp-content\/uploads\/2016\/07\/IMG_1442-150x150.jpg\" class=\"attachment-thumbnail size-thumbnail\" alt=\"\" \/><\/a>\n\t\t\t<\/dt><\/dl><dl class='gallery-item'>\n\t\t\t<dt class='gallery-icon landscape'>\n\t\t\t\t<a href='https:\/\/mtp-bhkw-service.com\/?attachment_id=77#main'><img loading=\"lazy\" decoding=\"async\" width=\"150\" height=\"150\" src=\"https:\/\/mtp-bhkw-service.com\/wp-content\/uploads\/2016\/07\/IMG_1390-150x150.jpg\" class=\"attachment-thumbnail size-thumbnail\" alt=\"\" \/><\/a>\n\t\t\t<\/dt><\/dl><dl class='gallery-item'>\n\t\t\t<dt class='gallery-icon portrait'>\n\t\t\t\t<a href='https:\/\/mtp-bhkw-service.com\/?attachment_id=76#main'><img loading=\"lazy\" decoding=\"async\" width=\"150\" height=\"150\" src=\"https:\/\/mtp-bhkw-service.com\/wp-content\/uploads\/2016\/07\/IMG_1378-150x150.jpg\" class=\"attachment-thumbnail size-thumbnail\" alt=\"\" \/><\/a>\n\t\t\t<\/dt><\/dl><br style=\"clear: both\" \/><dl class='gallery-item'>\n\t\t\t<dt class='gallery-icon portrait'>\n\t\t\t\t<a href='https:\/\/mtp-bhkw-service.com\/?attachment_id=68#main'><img loading=\"lazy\" decoding=\"async\" width=\"150\" height=\"150\" src=\"https:\/\/mtp-bhkw-service.com\/wp-content\/uploads\/2016\/07\/654_gr-150x150.jpg\" class=\"attachment-thumbnail size-thumbnail\" alt=\"\" \/><\/a>\n\t\t\t<\/dt><\/dl><dl class='gallery-item'>\n\t\t\t<dt class='gallery-icon landscape'>\n\t\t\t\t<a href='https:\/\/mtp-bhkw-service.com\/?attachment_id=51#main'><img loading=\"lazy\" decoding=\"async\" width=\"150\" height=\"150\" src=\"https:\/\/mtp-bhkw-service.com\/wp-content\/uploads\/2016\/05\/IMG_2965-150x150.jpg\" class=\"attachment-thumbnail size-thumbnail\" alt=\"\" \/><\/a>\n\t\t\t<\/dt><\/dl><dl class='gallery-item'>\n\t\t\t<dt class='gallery-icon landscape'>\n\t\t\t\t<a href='https:\/\/mtp-bhkw-service.com\/?attachment_id=37#main'><img loading=\"lazy\" decoding=\"async\" width=\"150\" height=\"150\" src=\"https:\/\/mtp-bhkw-service.com\/wp-content\/uploads\/2016\/07\/IMG_3389-150x150.jpg\" class=\"attachment-thumbnail size-thumbnail\" alt=\"\" \/><\/a>\n\t\t\t<\/dt><\/dl><br style=\"clear: both\" \/><dl class='gallery-item'>\n\t\t\t<dt class='gallery-icon portrait'>\n\t\t\t\t<a href='https:\/\/mtp-bhkw-service.com\/?attachment_id=13#main'><img loading=\"lazy\" decoding=\"async\" width=\"150\" height=\"150\" src=\"https:\/\/mtp-bhkw-service.com\/wp-content\/uploads\/2016\/07\/DMF-17-150x150.jpg\" class=\"attachment-thumbnail size-thumbnail\" alt=\"\" \/><\/a>\n\t\t\t<\/dt><\/dl><dl class='gallery-item'>\n\t\t\t<dt class='gallery-icon landscape'>\n\t\t\t\t<a href='https:\/\/mtp-bhkw-service.com\/?attachment_id=14#main'><img loading=\"lazy\" decoding=\"async\" width=\"150\" height=\"150\" src=\"https:\/\/mtp-bhkw-service.com\/wp-content\/uploads\/2016\/07\/DMF-29-150x150.jpg\" class=\"attachment-thumbnail size-thumbnail\" alt=\"\" srcset=\"https:\/\/mtp-bhkw-service.com\/wp-content\/uploads\/2016\/07\/DMF-29-150x150.jpg 150w, https:\/\/mtp-bhkw-service.com\/wp-content\/uploads\/2016\/07\/DMF-29-300x300.jpg 300w\" sizes=\"auto, (max-width: 150px) 100vw, 150px\" \/><\/a>\n\t\t\t<\/dt><\/dl><dl class='gallery-item'>\n\t\t\t<dt class='gallery-icon portrait'>\n\t\t\t\t<a href='https:\/\/mtp-bhkw-service.com\/?attachment_id=15#main'><img loading=\"lazy\" decoding=\"async\" width=\"150\" height=\"150\" src=\"https:\/\/mtp-bhkw-service.com\/wp-content\/uploads\/2016\/07\/DMF-38-150x150.jpg\" class=\"attachment-thumbnail size-thumbnail\" alt=\"\" \/><\/a>\n\t\t\t<\/dt><\/dl><br style=\"clear: both\" \/><dl class='gallery-item'>\n\t\t\t<dt class='gallery-icon landscape'>\n\t\t\t\t<a href='https:\/\/mtp-bhkw-service.com\/?attachment_id=16#main'><img loading=\"lazy\" decoding=\"async\" width=\"150\" height=\"150\" src=\"https:\/\/mtp-bhkw-service.com\/wp-content\/uploads\/2016\/07\/DMF-9-150x150.jpg\" class=\"attachment-thumbnail size-thumbnail\" alt=\"\" \/><\/a>\n\t\t\t<\/dt><\/dl><dl class='gallery-item'>\n\t\t\t<dt class='gallery-icon landscape'>\n\t\t\t\t<a href='https:\/\/mtp-bhkw-service.com\/?attachment_id=17#main'><img loading=\"lazy\" decoding=\"async\" width=\"150\" height=\"150\" src=\"https:\/\/mtp-bhkw-service.com\/wp-content\/uploads\/2016\/07\/DMF-22-150x150.jpg\" class=\"attachment-thumbnail size-thumbnail\" alt=\"\" \/><\/a>\n\t\t\t<\/dt><\/dl><dl class='gallery-item'>\n\t\t\t<dt class='gallery-icon landscape'>\n\t\t\t\t<a href='https:\/\/mtp-bhkw-service.com\/?attachment_id=18#main'><img loading=\"lazy\" decoding=\"async\" width=\"150\" height=\"150\" src=\"https:\/\/mtp-bhkw-service.com\/wp-content\/uploads\/2016\/07\/DMF-15-150x150.jpg\" class=\"attachment-thumbnail size-thumbnail\" alt=\"\" \/><\/a>\n\t\t\t<\/dt><\/dl><br style=\"clear: both\" \/><dl class='gallery-item'>\n\t\t\t<dt class='gallery-icon landscape'>\n\t\t\t\t<a href='https:\/\/mtp-bhkw-service.com\/?attachment_id=19#main'><img loading=\"lazy\" decoding=\"async\" width=\"150\" height=\"150\" src=\"https:\/\/mtp-bhkw-service.com\/wp-content\/uploads\/2016\/07\/DMF-45-150x150.jpg\" class=\"attachment-thumbnail size-thumbnail\" alt=\"\" \/><\/a>\n\t\t\t<\/dt><\/dl><dl class='gallery-item'>\n\t\t\t<dt class='gallery-icon landscape'>\n\t\t\t\t<a href='https:\/\/mtp-bhkw-service.com\/?attachment_id=20#main'><img loading=\"lazy\" decoding=\"async\" width=\"150\" height=\"150\" src=\"https:\/\/mtp-bhkw-service.com\/wp-content\/uploads\/2016\/07\/IMG_1620-150x150.jpg\" class=\"attachment-thumbnail size-thumbnail\" alt=\"\" \/><\/a>\n\t\t\t<\/dt><\/dl><dl class='gallery-item'>\n\t\t\t<dt class='gallery-icon landscape'>\n\t\t\t\t<a href='https:\/\/mtp-bhkw-service.com\/?attachment_id=36#main'><img loading=\"lazy\" decoding=\"async\" width=\"150\" height=\"150\" src=\"https:\/\/mtp-bhkw-service.com\/wp-content\/uploads\/2016\/07\/IMG_3378-150x150.jpg\" class=\"attachment-thumbnail size-thumbnail\" alt=\"\" \/><\/a>\n\t\t\t<\/dt><\/dl><br style=\"clear: both\" \/><dl class='gallery-item'>\n\t\t\t<dt class='gallery-icon landscape'>\n\t\t\t\t<a href='https:\/\/mtp-bhkw-service.com\/?attachment_id=8#main'><img loading=\"lazy\" decoding=\"async\" width=\"150\" height=\"150\" src=\"https:\/\/mtp-bhkw-service.com\/wp-content\/uploads\/2016\/07\/IMG_3208-150x150.jpg\" class=\"attachment-thumbnail size-thumbnail\" alt=\"\" \/><\/a>\n\t\t\t<\/dt><\/dl><dl class='gallery-item'>\n\t\t\t<dt class='gallery-icon landscape'>\n\t\t\t\t<a href='https:\/\/mtp-bhkw-service.com\/?attachment_id=6#main'><img loading=\"lazy\" decoding=\"async\" width=\"150\" height=\"150\" src=\"https:\/\/mtp-bhkw-service.com\/wp-content\/uploads\/2016\/07\/IMG_3272-e1449663389605-150x150.jpg\" class=\"attachment-thumbnail size-thumbnail\" alt=\"\" \/><\/a>\n\t\t\t<\/dt><\/dl>\n\t\t\t<br style='clear: both' \/>\n\t\t<\/div>\n\n","protected":false},"excerpt":{"rendered":"<p>&nbsp; Wir bieten Regelwartungen \/ Vollwartungsvertr\u00e4ge f\u00fcr Ihr Blockheizkraftwerk Kosten g\u00fcnstige Revision durch AT &#8211; Rumpfmotoren (MTP MAN Rumpfmotoren &#8211; Programm) Hochwertige Ersatzteile f\u00fcr Ihr Blockheizkraftwerk, wir liefern Ihnen Ersatzteile direkt vom Hersteller oder Ersatzteile von OEM Partner. Hohe Qualit\u00e4t ist uns Wichtig! hochwertige Ersatzteile f\u00fcr MAN \/ MWM Gasmotoren. Mahle, Elring, Miba, Bosch, Denso,&#8230; <\/p>\n","protected":false},"author":1,"featured_media":0,"parent":0,"menu_order":0,"comment_status":"closed","ping_status":"closed","template":"","meta":{"footnotes":""},"class_list":["post-72","page","type-page","status-publish","hentry"],"jetpack_sharing_enabled":true,"_links":{"self":[{"href":"https:\/\/mtp-bhkw-service.com\/index.php?rest_route=\/wp\/v2\/pages\/72","targetHints":{"allow":["GET"]}}],"collection":[{"href":"https:\/\/mtp-bhkw-service.com\/index.php?rest_route=\/wp\/v2\/pages"}],"about":[{"href":"https:\/\/mtp-bhkw-service.com\/index.php?rest_route=\/wp\/v2\/types\/page"}],"author":[{"embeddable":true,"href":"https:\/\/mtp-bhkw-service.com\/index.php?rest_route=\/wp\/v2\/users\/1"}],"replies":[{"embeddable":true,"href":"https:\/\/mtp-bhkw-service.com\/index.php?rest_route=%2Fwp%2Fv2%2Fcomments&post=72"}],"version-history":[{"count":21,"href":"https:\/\/mtp-bhkw-service.com\/index.php?rest_route=\/wp\/v2\/pages\/72\/revisions"}],"predecessor-version":[{"id":100,"href":"https:\/\/mtp-bhkw-service.com\/index.php?rest_route=\/wp\/v2\/pages\/72\/revisions\/100"}],"wp:attachment":[{"href":"https:\/\/mtp-bhkw-service.com\/index.php?rest_route=%2Fwp%2Fv2%2Fmedia&parent=72"}],"curies":[{"name":"wp","href":"https:\/\/api.w.org\/{rel}","templated":true}]}}